{"id":365,"date":"2016-02-22T10:38:55","date_gmt":"2016-02-22T10:38:55","guid":{"rendered":"http:\/\/bridge10.qodeinteractive.com\/?page_id=19"},"modified":"2025-05-18T16:55:46","modified_gmt":"2025-05-18T19:55:46","slug":"obra","status":"publish","type":"page","link":"https:\/\/www.mirodamuribeca.com.br\/site\/obra\/","title":{"rendered":"Obra"},"content":{"rendered":"\t\t<div data-elementor-type=\"wp-page\" data-elementor-id=\"365\" class=\"elementor elementor-365\">\n\t\t\t\t\t\t<section style=\"background-image: url(https:\/\/www.mirodamuribeca.com.br\/site\/wp-content\/uploads\/2025\/05\/IMG_3024-scaled.jpg);\" class=\"parallax_section_holder elementor-section elementor-top-section elementor-element elementor-element-63ab7024 elementor-section-full_width parallax_section_holder elementor-section-height-default elementor-section-height-default qode_elementor_container_no\" data-speed=\"1\" data-id=\"63ab7024\" data-element_type=\"section\" data-e-type=\"section\" data-settings=\"{&quot;background_background&quot;:&quot;classic&quot;,&quot;qode_parallax_image&quot;:{&quot;url&quot;:&quot;https:\\\/\\\/www.mirodamuribeca.com.br\\\/site\\\/wp-content\\\/uploads\\\/2025\\\/05\\\/IMG_3024-scaled.jpg&quot;,&quot;id&quot;:564,&quot;size&quot;:&quot;&quot;,&quot;alt&quot;:&quot;&quot;,&quot;source&quot;:&quot;library&quot;}}\">\n\t\t\t\t\t\t<div class=\"elementor-container elementor-column-gap-default\">\n\t\t\t\t\t<div class=\"elementor-column elementor-col-100 elementor-top-column elementor-element elementor-element-7383f42\" data-id=\"7383f42\" data-element_type=\"column\" data-e-type=\"column\">\n\t\t\t<div class=\"elementor-widget-wrap elementor-element-populated\">\n\t\t\t\t\t\t<div class=\"elementor-element elementor-element-4d6bafa elementor-widget elementor-widget-spacer\" data-id=\"4d6bafa\" data-element_type=\"widget\" data-e-type=\"widget\" data-widget_type=\"spacer.default\">\n\t\t\t\t<div class=\"elementor-widget-container\">\n\t\t\t\t\t\t\t<div class=\"elementor-spacer\">\n\t\t\t<div class=\"elementor-spacer-inner\"><\/div>\n\t\t<\/div>\n\t\t\t\t\t\t<\/div>\n\t\t\t\t<\/div>\n\t\t\t\t<div class=\"elementor-element elementor-element-81c52e4 elementor-widget elementor-widget-heading\" data-id=\"81c52e4\" data-element_type=\"widget\" data-e-type=\"widget\" data-widget_type=\"heading.default\">\n\t\t\t\t<div class=\"elementor-widget-container\">\n\t\t\t\t\t<h2 class=\"elementor-heading-title elementor-size-default\">OBRA<\/h2>\t\t\t\t<\/div>\n\t\t\t\t<\/div>\n\t\t\t\t<div class=\"elementor-element elementor-element-b8c7cab elementor-widget elementor-widget-spacer\" data-id=\"b8c7cab\" data-element_type=\"widget\" data-e-type=\"widget\" data-widget_type=\"spacer.default\">\n\t\t\t\t<div class=\"elementor-widget-container\">\n\t\t\t\t\t\t\t<div class=\"elementor-spacer\">\n\t\t\t<div class=\"elementor-spacer-inner\"><\/div>\n\t\t<\/div>\n\t\t\t\t\t\t<\/div>\n\t\t\t\t<\/div>\n\t\t\t\t<section class=\"elementor-section elementor-inner-section elementor-element elementor-element-516c5e5 elementor-section-boxed elementor-section-height-default elementor-section-height-default parallax_section_no qode_elementor_container_no\" data-id=\"516c5e5\" data-element_type=\"section\" data-e-type=\"section\">\n\t\t\t\t\t\t<div class=\"elementor-container elementor-column-gap-default\">\n\t\t\t\t\t<div class=\"elementor-column elementor-col-50 elementor-inner-column elementor-element elementor-element-60fc7ea\" data-id=\"60fc7ea\" data-element_type=\"column\" data-e-type=\"column\">\n\t\t\t<div class=\"elementor-widget-wrap elementor-element-populated\">\n\t\t\t\t\t\t<div class=\"elementor-element elementor-element-c3d245f elementor-widget elementor-widget-heading\" data-id=\"c3d245f\" data-element_type=\"widget\" data-e-type=\"widget\" data-widget_type=\"heading.default\">\n\t\t\t\t<div class=\"elementor-widget-container\">\n\t\t\t\t\t<h3 class=\"elementor-heading-title elementor-size-default\">Livros<\/h3>\t\t\t\t<\/div>\n\t\t\t\t<\/div>\n\t\t\t\t<div class=\"elementor-element elementor-element-5d554ca elementor-widget elementor-widget-spacer\" data-id=\"5d554ca\" data-element_type=\"widget\" data-e-type=\"widget\" data-widget_type=\"spacer.default\">\n\t\t\t\t<div class=\"elementor-widget-container\">\n\t\t\t\t\t\t\t<div class=\"elementor-spacer\">\n\t\t\t<div class=\"elementor-spacer-inner\"><\/div>\n\t\t<\/div>\n\t\t\t\t\t\t<\/div>\n\t\t\t\t<\/div>\n\t\t\t\t<div class=\"elementor-element elementor-element-8ab5045 elementor-widget elementor-widget-heading\" data-id=\"8ab5045\" data-element_type=\"widget\" data-e-type=\"widget\" data-widget_type=\"heading.default\">\n\t\t\t\t<div class=\"elementor-widget-container\">\n\t\t\t\t\t<h3 class=\"elementor-heading-title elementor-size-default\">Colet\u00e2neas<\/h3>\t\t\t\t<\/div>\n\t\t\t\t<\/div>\n\t\t\t\t<div class=\"elementor-element elementor-element-e300c7d elementor-widget elementor-widget-spacer\" data-id=\"e300c7d\" data-element_type=\"widget\" data-e-type=\"widget\" data-widget_type=\"spacer.default\">\n\t\t\t\t<div class=\"elementor-widget-container\">\n\t\t\t\t\t\t\t<div class=\"elementor-spacer\">\n\t\t\t<div class=\"elementor-spacer-inner\"><\/div>\n\t\t<\/div>\n\t\t\t\t\t\t<\/div>\n\t\t\t\t<\/div>\n\t\t\t\t<div class=\"elementor-element elementor-element-a76bb71 elementor-widget elementor-widget-heading\" data-id=\"a76bb71\" data-element_type=\"widget\" data-e-type=\"widget\" data-widget_type=\"heading.default\">\n\t\t\t\t<div class=\"elementor-widget-container\">\n\t\t\t\t\t<h3 class=\"elementor-heading-title elementor-size-default\">Pe\u00e7as<\/h3>\t\t\t\t<\/div>\n\t\t\t\t<\/div>\n\t\t\t\t<div class=\"elementor-element elementor-element-0eb7c79 elementor-widget elementor-widget-spacer\" data-id=\"0eb7c79\" data-element_type=\"widget\" data-e-type=\"widget\" data-widget_type=\"spacer.default\">\n\t\t\t\t<div class=\"elementor-widget-container\">\n\t\t\t\t\t\t\t<div class=\"elementor-spacer\">\n\t\t\t<div class=\"elementor-spacer-inner\"><\/div>\n\t\t<\/div>\n\t\t\t\t\t\t<\/div>\n\t\t\t\t<\/div>\n\t\t\t\t<div class=\"elementor-element elementor-element-920fb39 elementor-widget elementor-widget-heading\" data-id=\"920fb39\" data-element_type=\"widget\" data-e-type=\"widget\" data-widget_type=\"heading.default\">\n\t\t\t\t<div class=\"elementor-widget-container\">\n\t\t\t\t\t<h3 class=\"elementor-heading-title elementor-size-default\">Filmes<\/h3>\t\t\t\t<\/div>\n\t\t\t\t<\/div>\n\t\t\t\t\t<\/div>\n\t\t<\/div>\n\t\t\t\t<div class=\"elementor-column elementor-col-50 elementor-inner-column elementor-element elementor-element-d6accfd\" data-id=\"d6accfd\" data-element_type=\"column\" data-e-type=\"column\">\n\t\t\t<div class=\"elementor-widget-wrap elementor-element-populated\">\n\t\t\t\t\t\t<div class=\"elementor-element elementor-element-c3e01fd elementor-widget elementor-widget-bridge_unordered_list\" data-id=\"c3e01fd\" data-element_type=\"widget\" data-e-type=\"widget\" data-widget_type=\"bridge_unordered_list.default\">\n\t\t\t\t<div class=\"elementor-widget-container\">\n\t\t\t\t\t<div class=\"q_list circle\">\n\t<ul><li><span style=\"color: #ffffff\"><i><span style=\"font-weight: 400\">Quem descobriu o azul anil?<\/span><\/i><span style=\"font-weight: 400\"> Recife: Edi\u00e7\u00e3o do Autor, 1984<\/span><\/span><\/li><li><span style=\"color: #ffffff\"><i><span style=\"font-weight: 400\">S\u00e3o Paulo \u00e9 Fogo<\/span><\/i><span style=\"font-weight: 400\">. Recife: P\u00f3 de crer, 1987.<\/span><\/span><\/li><li><span style=\"color: #ffffff\"><i><span style=\"font-weight: 400\">Ilus\u00e3o de \u00c9tica<\/span><\/i><span style=\"font-weight: 400\">. Recife: Edi\u00e7\u00e3o do Autor, 1995. 2\u00aa ed. Fortaleza: Livros &amp; Letras, 1998.<\/span><\/span><\/li><li><span style=\"color: #ffffff\"><i><span style=\"font-weight: 400\">Poemas de lascar<\/span><\/i><span style=\"font-weight: 400\">. Recife: Edi\u00e7\u00e3o do autor. 1995.<\/span><\/span><\/li><li><span style=\"color: #ffffff\"><i><span style=\"font-weight: 400\">Flagrante deleito<\/span><\/i><span style=\"font-weight: 400\">. Recife: Edi\u00e7\u00e3o do Autor, 1998.<\/span><\/span><\/li><li><span style=\"color: #ffffff\"><i><span style=\"font-weight: 400\">Quebra a direita, segue a esquerda e vai em frente<\/span><\/i><span style=\"font-weight: 400\">. Fortaleza: Edi\u00e7\u00e3o do Autor, 1999.\u00a0<\/span><\/span><\/li><li><span style=\"color: #ffffff\"><i><span style=\"font-weight: 400\">S\u00e3o Paulo eu te amo, mesmo andando de \u00f4nibus<\/span><\/i><span style=\"font-weight: 400\">. S\u00e3o Paulo: Sampalavras, 2000.<\/span><\/span><\/li><li><span style=\"color: #ffffff\"><i><span style=\"font-weight: 400\">Poemas pra sentir tes\u00e3o ou n\u00e3o<\/span><\/i><span style=\"font-weight: 400\">. Olinda : M\u00e3o de Veludo, 2002. <\/span><span style=\"font-weight: 400\"><br \/><\/span><i><span style=\"font-weight: 400\">Pra n\u00e3o dizer que n\u00e3o falei de fl\u00faor<\/span><\/i><span style=\"font-weight: 400\">. Fortaleza : Edi\u00e7\u00e3o do Autor, 2004.<\/span><\/span><\/li><li><span style=\"color: #ffffff\"><i><span style=\"font-weight: 400\">Onde estar\u00e1 Norma?<\/span><\/i><span style=\"font-weight: 400\"> Recife : Edi\u00e7\u00e3o do Autor, 2006.<\/span><\/span><\/li><li><span style=\"color: #ffffff\"><i><span style=\"font-weight: 400\">Tu t\u00e1s Aonde? <\/span><\/i><span style=\"font-weight: 400\">Recife : Edi\u00e7\u00e3o do Autor, 2007.\u00a0<\/span><\/span><\/li><li><span style=\"color: #ffffff\"><i><span style=\"font-weight: 400\">S\u00f3 falta um<\/span><\/i><span style=\"font-weight: 400\">. Recife : Livrinho de Papel Fin\u00edssimo, 2009.<\/span><\/span><\/li><li><span style=\"color: #ffffff\"><i><span style=\"font-weight: 400\">Quase cr\u00f4nico<\/span><\/i><span style=\"font-weight: 400\">. Recife : Edi\u00e7\u00e3o do Autor, 2010.<\/span><\/span><\/li><li><span style=\"color: #ffffff\"><i><span style=\"font-weight: 400\">dizCri\u00e7\u00e3o. <\/span><\/i><span style=\"font-weight: 400\">Recife: Andararte, 2012.<\/span><\/span><\/li><li><span style=\"color: #ffffff\"><i><span style=\"font-weight: 400\">Mir\u00f3 at\u00e9 agora<\/span><\/i><span style=\"font-weight: 400\">. Org. de Sennor Ramos. 1 ed. Recife: Edi\u00e7\u00f5es Interpo\u00e9tica, 2013. 2 ed. Cepe Editora, 2016.<\/span><\/span><\/li><li><span style=\"color: #ffffff\"><i><span style=\"font-weight: 400\">aDeus<\/span><\/i><span style=\"font-weight: 400\">. Recife: Mariposa Cartonera, 2015.<\/span><\/span><\/li><li><span style=\"color: #ffffff\"><i><span style=\"font-weight: 400\">O pen\u00faltimo olhar sobre as coisas.<\/span><\/i><span style=\"font-weight: 400\"> Recife: Mariposa Cartonera, 2016.<\/span><\/span><\/li><li><span style=\"color: #ffffff\"><i><span style=\"font-weight: 400\">Amanh\u00e3 n\u00e3o existe ainda <\/span><\/i><span style=\"font-weight: 400\">(envelope). Recife: Edi\u00e7\u00e3o do autor. [2016]<\/span><\/span><\/li><li><span style=\"color: #ffffff\"><i><span style=\"font-weight: 400\">As esquinas parecem n\u00e3o perdoar o peso de tantos b\u00eabados. <\/span><\/i><span style=\"font-weight: 400\">(envelope). Recife: Edi\u00e7\u00e3o do autor. [2016]<\/span><\/span><\/li><li><span style=\"color: #ffffff\"><i><span style=\"font-weight: 400\">20 para pensar um pouco. <\/span><\/i><span style=\"font-weight: 400\">(envelope). Recife: Edi\u00e7\u00e3o do autor. [2017]<\/span><\/span><\/li><li><span style=\"color: #ffffff\"><i><span style=\"font-weight: 400\">Meu filho s\u00f3 escreve besteira <\/span><\/i><span style=\"font-weight: 400\">(envelope). Recife: Edi\u00e7\u00e3o do autor. 2017.<\/span><\/span><\/li><li><span style=\"color: #ffffff\"><i><span style=\"font-weight: 400\">O c\u00e9u \u00e9 no sexto andar<\/span><\/i><span style=\"font-weight: 400\">. Recife: Edi\u00e7\u00f5es Claran\u00e3, 2018.<\/span><\/span><\/li><li><span style=\"color: #ffffff\"><i><span style=\"font-weight: 400\">Atchim<\/span><\/i><span style=\"font-weight: 400\">!. Recife: Cepe Editora, 2019.<\/span><\/span><\/li><li><span style=\"color: #ffffff\"><i><span style=\"font-weight: 400\">O carro do ovo.<\/span><\/i><span style=\"font-weight: 400\"> 30 poemas de Mir\u00f3 da Muribeca (p\u00f3stumo). Rio de Janeiro: Desalinho\/ Ganesha Cartonera, 2022.<\/span><\/span><\/li><\/ul><\/div>\t\t\t\t<\/div>\n\t\t\t\t<\/div>\n\t\t\t\t<div class=\"elementor-element elementor-element-04c09c9 elementor-widget elementor-widget-bridge_unordered_list\" data-id=\"04c09c9\" data-element_type=\"widget\" data-e-type=\"widget\" data-widget_type=\"bridge_unordered_list.default\">\n\t\t\t\t<div class=\"elementor-widget-container\">\n\t\t\t\t\t<div class=\"q_list circle\">\n\t<ul><li><p><span style=\"font-weight: 400\">PEDROSA, Cida; MIR\u00d3; JORD\u00c3O, Valmir (orgs.) <\/span><i><span style=\"font-weight: 400\">Marginal Recife<\/span><\/i><span style=\"font-weight: 400\">: colet\u00e2nea po\u00e9tica I. Recife: Funda\u00e7\u00e3o de Cultura Cidade do Recife, 2002.<\/span><\/p><\/li><li><p><span style=\"font-weight: 400\">MORAIS, Helo\u00edsa Arcoverde de; BRASIL, Magali. (orgs.) <\/span><i><span style=\"font-weight: 400\">Recife\/Nantes<\/span><\/i><span style=\"font-weight: 400\">: um olhar transatl\u00e2ntico. Recife: Funda\u00e7\u00e3o de Cultura da Cidade do Recife, 2007.<\/span><\/p><\/li><li><p><span style=\"font-weight: 400\">BIGIO, Mariane; JORD\u00c3O, Valmir; MIR\u00d3. <\/span><i><span style=\"font-weight: 400\">Tre(s)jeitos<\/span><\/i><span style=\"font-weight: 400\">. S\u00e3o Paulo: Dulcineia Catadora, 2012.<\/span><\/p><\/li><li><p>TENNINA, Luc\u00eda. (org) <i>Quilombo. <\/i>Cartografia\/ Autor\u00eda Negra\/ Brasil. Buenos Aires: Tinta Lim\u00f3n, 2019.<\/p><\/li><\/ul><\/div>\t\t\t\t<\/div>\n\t\t\t\t<\/div>\n\t\t\t\t<div class=\"elementor-element elementor-element-1ac06a1 elementor-widget elementor-widget-bridge_unordered_list\" data-id=\"1ac06a1\" data-element_type=\"widget\" data-e-type=\"widget\" data-widget_type=\"bridge_unordered_list.default\">\n\t\t\t\t<div class=\"elementor-widget-container\">\n\t\t\t\t\t<div class=\"q_list circle\">\n\t<ul><li><p><span style=\"font-weight: 400\">MAGILUTH. <\/span><i><span style=\"font-weight: 400\">Estudo n. 2: Mir\u00f3.<\/span><\/i><span style=\"font-weight: 400\"> Estreia 2023<\/span><\/p><\/li><li><p><span style=\"font-weight: 400\">CLARI\u00d4. <\/span><i><span style=\"font-weight: 400\">Urubu come carni\u00e7a e voa. <\/span><\/i><span style=\"font-weight: 400\">Estreia 2011<\/span><\/p><\/li><\/ul><\/div>\t\t\t\t<\/div>\n\t\t\t\t<\/div>\n\t\t\t\t<div class=\"elementor-element elementor-element-0f59702 elementor-widget elementor-widget-bridge_unordered_list\" data-id=\"0f59702\" data-element_type=\"widget\" data-e-type=\"widget\" data-widget_type=\"bridge_unordered_list.default\">\n\t\t\t\t<div class=\"elementor-widget-container\">\n\t\t\t\t\t<div class=\"q_list circle\">\n\t<ul><li><p><span style=\"font-weight: 400\">CRISTINA, B\u00e1rbara; GRANJA, Jaqueline; GOMES, Patr\u00edcia. <\/span><i><span style=\"font-weight: 400\">Onde estar\u00e1 a Norma?<\/span><\/i><span style=\"font-weight: 400\"> Um poeta, uma cidade (Recife, 20\u2019, 2007). Projeto de conclus\u00e3o do curso de gradua\u00e7\u00e3o em jornalismo da Universidade Cat\u00f3lica de Pernambuco.<\/span><\/p><\/li><li><p><span style=\"font-weight: 400\">FERREIRA, Alcione. SOARES, Camilo. <\/span><i><span style=\"font-weight: 400\">Muribeca<\/span><\/i><span style=\"font-weight: 400\">. (Recife, 78\u2019, 2023) Participa\u00e7\u00e3o como entrevistado.<\/span><\/p><\/li><li><p><span style=\"font-weight: 400\">FREIRE, Wilson. <\/span><i><span style=\"font-weight: 400\">Mir\u00f3, preto, pobre, poeta e perif\u00e9rico<\/span><\/i><span style=\"font-weight: 400\">, (Recife, 22\u2019, 2008)\u00a0<\/span><\/p><\/li><li><p><span style=\"font-weight: 400\">FREIRE, Wilson. <\/span><i><span style=\"font-weight: 400\">Um breve ensaio da bestialidade humana<\/span><\/i><span style=\"font-weight: 400\">. (Recife, 17\u2019, 2010)\u00a0<\/span><\/p><\/li><li><p><b><span style=\"font-weight: 400\">FREIRE, Wilson.<\/span> <\/b><i><span style=\"font-weight: 400\">S\u00e3o Paulo tem tudo para ser uma grande cidade<\/span><\/i><span style=\"font-weight: 400\">. S\u00e3o Paulo, 4', 2019.<\/span><\/p><\/li><li><p><span style=\"font-weight: 400\">FREIRE, Wilson. <\/span><b>\u00a0<\/b><i><span style=\"font-weight: 400\">Encruzilhada dos trilhos<\/span><\/i><span style=\"font-weight: 400\"> (participa\u00e7\u00e3o). (Recife,\u00a0 69\u2019, 2024) ver com Wilson<\/span><\/p><\/li><li><p><span style=\"font-weight: 400\">LORENA. Petr\u00f4nio de. <\/span><i><span style=\"font-weight: 400\">Calma, Monga, calma!<\/span><\/i><span style=\"font-weight: 400\"> (Recife, 20\u2019, 2011). Participa\u00e7\u00e3o como o personagem Cobrador.<\/span><\/p><\/li><li><p><span style=\"font-weight: 400\">SOARES, Camilo. <\/span><i><span style=\"font-weight: 400\">Pisando em Flores<\/span><\/i><span style=\"font-weight: 400\"> (Recife, 20\u2019, 2001). Participa\u00e7\u00e3o especial, declamando o poema \u201cCarla\u201d, no Lix\u00e3o da Muribeca.\u00a0<\/span><\/p><\/li><li><p><span style=\"font-weight: 400\">MELO, Diego; SALDANHA, Pedro. <\/span><i><span style=\"font-weight: 400\">Ningu\u00e9m me ama, ningu\u00e9m me quer, ningu\u00e9m me chama de Baudelaire <\/span><\/i><span style=\"font-weight: 400\">(document\u00e1rio), 2002. Participa\u00e7\u00e3o como entrevistado.\u00a0<\/span><\/p><\/li><li><p><span style=\"font-weight: 400\">ZIZO; SOARES, Camilo. <\/span><i><span style=\"font-weight: 400\">Sue, turbulenta aberra\u00e7\u00e3o<\/span><\/i><span style=\"font-weight: 400\"> (Recife, 20\u2019, 2012). Participa\u00e7\u00e3o especial.<\/span><\/p><\/li><\/ul><\/div>\t\t\t\t<\/div>\n\t\t\t\t<\/div>\n\t\t\t\t\t<\/div>\n\t\t<\/div>\n\t\t\t\t\t<\/div>\n\t\t<\/section>\n\t\t\t\t<section class=\"elementor-section elementor-inner-section elementor-element elementor-element-31e811d elementor-section-boxed elementor-section-height-default elementor-section-height-default parallax_section_no qode_elementor_container_no\" data-id=\"31e811d\" data-element_type=\"section\" data-e-type=\"section\">\n\t\t\t\t\t\t<div class=\"elementor-container elementor-column-gap-default\">\n\t\t\t\t\t<div class=\"elementor-column elementor-col-50 elementor-inner-column elementor-element elementor-element-187200e\" data-id=\"187200e\" data-element_type=\"column\" data-e-type=\"column\">\n\t\t\t<div class=\"elementor-widget-wrap elementor-element-populated\">\n\t\t\t\t\t\t<div class=\"elementor-element elementor-element-f3cfc22 elementor-widget elementor-widget-spacer\" data-id=\"f3cfc22\" data-element_type=\"widget\" data-e-type=\"widget\" data-widget_type=\"spacer.default\">\n\t\t\t\t<div class=\"elementor-widget-container\">\n\t\t\t\t\t\t\t<div class=\"elementor-spacer\">\n\t\t\t<div class=\"elementor-spacer-inner\"><\/div>\n\t\t<\/div>\n\t\t\t\t\t\t<\/div>\n\t\t\t\t<\/div>\n\t\t\t\t\t<\/div>\n\t\t<\/div>\n\t\t\t\t<div class=\"elementor-column elementor-col-50 elementor-inner-column elementor-element elementor-element-3584a6a\" data-id=\"3584a6a\" data-element_type=\"column\" data-e-type=\"column\">\n\t\t\t<div class=\"elementor-widget-wrap\">\n\t\t\t\t\t\t\t<\/div>\n\t\t<\/div>\n\t\t\t\t\t<\/div>\n\t\t<\/section>\n\t\t\t\t\t<\/div>\n\t\t<\/div>\n\t\t\t\t\t<\/div>\n\t\t<\/section>\n\t\t\t\t<\/div>\n\t\t","protected":false},"excerpt":{"rendered":"<p>OBRA Livros Colet\u00e2neas Pe\u00e7as Filmes Quem descobriu o azul anil? Recife: Edi\u00e7\u00e3o do Autor, 1984 S\u00e3o Paulo \u00e9 Fogo. Recife: P\u00f3 de crer, 1987. Ilus\u00e3o de \u00c9tica. Recife: Edi\u00e7\u00e3o do Autor, 1995. 2\u00aa ed. Fortaleza: Livros &amp; Letras, 1998. Poemas de lascar. Recife: Edi\u00e7\u00e3o do&#8230;<\/p>\n","protected":false},"author":2,"featured_media":0,"parent":0,"menu_order":0,"comment_status":"closed","ping_status":"closed","template":"","meta":{"content-type":"","footnotes":""},"class_list":["post-365","page","type-page","status-publish","hentry"],"_links":{"self":[{"href":"https:\/\/www.mirodamuribeca.com.br\/site\/wp-json\/wp\/v2\/pages\/365","targetHints":{"allow":["GET"]}}],"collection":[{"href":"https:\/\/www.mirodamuribeca.com.br\/site\/wp-json\/wp\/v2\/pages"}],"about":[{"href":"https:\/\/www.mirodamuribeca.com.br\/site\/wp-json\/wp\/v2\/types\/page"}],"author":[{"embeddable":true,"href":"https:\/\/www.mirodamuribeca.com.br\/site\/wp-json\/wp\/v2\/users\/2"}],"replies":[{"embeddable":true,"href":"https:\/\/www.mirodamuribeca.com.br\/site\/wp-json\/wp\/v2\/comments?post=365"}],"version-history":[{"count":52,"href":"https:\/\/www.mirodamuribeca.com.br\/site\/wp-json\/wp\/v2\/pages\/365\/revisions"}],"predecessor-version":[{"id":648,"href":"https:\/\/www.mirodamuribeca.com.br\/site\/wp-json\/wp\/v2\/pages\/365\/revisions\/648"}],"wp:attachment":[{"href":"https:\/\/www.mirodamuribeca.com.br\/site\/wp-json\/wp\/v2\/media?parent=365"}],"curies":[{"name":"wp","href":"https:\/\/api.w.org\/{rel}","templated":true}]}}